{"id":17,"date":"2018-03-17T17:04:20","date_gmt":"2018-03-17T17:04:20","guid":{"rendered":"http:\/\/evoeller.de\/?page_id=17"},"modified":"2022-03-03T20:43:01","modified_gmt":"2022-03-03T20:43:01","slug":"coaching","status":"publish","type":"page","link":"http:\/\/evoeller.de\/?page_id=17","title":{"rendered":"Coaching"},"content":{"rendered":"\n<p>Im Coaching geht es um Deine Anliegen. Ich gebe Dir keine Ratschl\u00e4ge, was Du am besten tun solltest, denn Du bist die\/der einzige und beste Expert:in f\u00fcr Dein Leben! Alle Entscheidungen triffst Du selbst. Und die triffst Du dann hoffentlich mit einem besseren Gef\u00fchl, mehr Zuversicht und vor allem Dir selbst entsprechend. Um dort hin zu kommen gehe ich mit Hilfe von Fragetechniken und anderen Methoden Deinen Anliegen auf den Grund. Wir schauen uns alle Ebenen der Gef\u00fchle, Bed\u00fcrfnisse und Gegebenheiten an.<\/p>\n\n\n\n<p>Spricht Dich Folgendes an? Dann komm gerne auf mich zu.<\/p>\n\n\n\n<p><strong>Entscheidungen<\/strong>: Bei Dir stehen gro\u00dfe oder kleine Lebensentscheidungen an. Es ist aber schwierig, kompliziert oder sogar beides. Anstatt eine reine Kopf- oder Bauchentscheidung zu treffen, m\u00f6chtest Du die Umst\u00e4nde und M\u00f6glichkeiten lieber strukturiert und begleitet ausleuchten.<\/p>\n\n\n\n<p><strong>Ziele und Standpunktanalyse<\/strong>: Du fragst Dich: Was soll noch kommen? Warum bin ich in meinem Leben nicht da, wo ich sein m\u00f6chte? Wo m\u00f6chte ich \u00fcberhaupt hin?<br>Wir erarbeiten den Weg zu Deinen Zielen oder finden heraus, welches Ziel Du \u00fcberhaupt erreichen willst. Dann k\u00f6nnen wir erste Schritte definieren und kl\u00e4ren, welche H\u00fcrden es zu \u00fcberwinden gibt und wie das m\u00f6glich wird.<\/p>\n\n\n\n<p><strong>Ver\u00e4nderung<\/strong>: In Deinem Leben gab es eine Ver\u00e4nderung, der Wohlf\u00fchlmodus mit dieser neuen Situation ist aber noch nicht erreicht. Oder eine Ver\u00e4nderung steht an, die Umsetzung ist Dir aber noch nicht klar. Eventuell f\u00fchlt es sich an, als w\u00fcrdest Du den gro\u00dfen Sprung noch nicht wagen.<\/p>\n\n\n\n<p><\/p>\n\n\n\n<div class=\"wp-block-media-text alignwide is-stacked-on-mobile\" style=\"grid-template-columns:48% auto\"><figure class=\"wp-block-media-text__media\"><img loading=\"lazy\" width=\"1024\" height=\"764\" src=\"http:\/\/evoeller.de\/wp-content\/uploads\/2022\/03\/Augenhoehe-1024x764.jpg\" alt=\"\" class=\"wp-image-173 size-full\" srcset=\"http:\/\/evoeller.de\/wp-content\/uploads\/2022\/03\/Augenhoehe-1024x764.jpg 1024w, http:\/\/evoeller.de\/wp-content\/uploads\/2022\/03\/Augenhoehe-300x224.jpg 300w, http:\/\/evoeller.de\/wp-content\/uploads\/2022\/03\/Augenhoehe-768x573.jpg 768w, http:\/\/evoeller.de\/wp-content\/uploads\/2022\/03\/Augenhoehe-1536x1146.jpg 1536w, http:\/\/evoeller.de\/wp-content\/uploads\/2022\/03\/Augenhoehe-2048x1528.jpg 2048w\" sizes=\"(max-width: 767px) 89vw, (max-width: 1000px) 54vw, (max-width: 1071px) 543px, 580px\" \/><\/figure><div class=\"wp-block-media-text__content\">\n<p style=\"font-size:15px\">Alles wor\u00fcber wir im Coaching sprechen bleibt unter vier Augen. Mir liegt viel an einer vertrauensvollen Begegnung auf Augenh\u00f6he und einem wertsch\u00e4tzenden Miteinander. Schlie\u00dflich wollen wir ja zusammenarbeiten.<\/p>\n<\/div><\/div>\n\n\n\n<p><strong>Gerne k\u00f6nnen wir das Coaching auch online per Zoom machen.&nbsp;<\/strong><\/p>\n","protected":false},"excerpt":{"rendered":"<p>Im Coaching geht es um Deine Anliegen. Ich gebe Dir keine Ratschl\u00e4ge, was Du am besten tun solltest, denn Du bist die\/der einzige und beste Expert:in f\u00fcr Dein Leben! Alle Entscheidungen triffst Du selbst. Und die triffst Du dann hoffentlich mit einem besseren Gef\u00fchl, mehr Zuversicht und vor allem Dir selbst entsprechend. Um dort hin &hellip; <\/p>\n<p class=\"link-more\"><a href=\"http:\/\/evoeller.de\/?page_id=17\" class=\"more-link\"><span class=\"screen-reader-text\">\u201eCoaching\u201c<\/span> weiterlesen<\/a><\/p>\n","protected":false},"author":1,"featured_media":0,"parent":0,"menu_order":0,"comment_status":"closed","ping_status":"closed","template":"","meta":[],"_links":{"self":[{"href":"http:\/\/evoeller.de\/index.php?rest_route=\/wp\/v2\/pages\/17"}],"collection":[{"href":"http:\/\/evoeller.de\/index.php?rest_route=\/wp\/v2\/pages"}],"about":[{"href":"http:\/\/evoeller.de\/index.php?rest_route=\/wp\/v2\/types\/page"}],"author":[{"embeddable":true,"href":"http:\/\/evoeller.de\/index.php?rest_route=\/wp\/v2\/users\/1"}],"replies":[{"embeddable":true,"href":"http:\/\/evoeller.de\/index.php?rest_route=%2Fwp%2Fv2%2Fcomments&post=17"}],"version-history":[{"count":11,"href":"http:\/\/evoeller.de\/index.php?rest_route=\/wp\/v2\/pages\/17\/revisions"}],"predecessor-version":[{"id":183,"href":"http:\/\/evoeller.de\/index.php?rest_route=\/wp\/v2\/pages\/17\/revisions\/183"}],"wp:attachment":[{"href":"http:\/\/evoeller.de\/index.php?rest_route=%2Fwp%2Fv2%2Fmedia&parent=17"}],"curies":[{"name":"wp","href":"https:\/\/api.w.org\/{rel}","templated":true}]}}