{"id":28,"date":"2018-03-17T17:09:55","date_gmt":"2018-03-17T17:09:55","guid":{"rendered":"http:\/\/evoeller.de\/?page_id=28"},"modified":"2022-03-03T20:40:25","modified_gmt":"2022-03-03T20:40:25","slug":"willkommen","status":"publish","type":"page","link":"http:\/\/evoeller.de\/","title":{"rendered":"Willkommen"},"content":{"rendered":"\n<p style=\"font-size:18px\">Du bist hier gelandet, weil Du in einem Bereich Deines Lebens etwas ver\u00e4ndern m\u00f6chtest? Oder Du stehst vor einer Entscheidung, die Dir schwerf\u00e4llt? Vielleicht bist auf der Suche nach einem Ziel f\u00fcr Dein Leben? Beziehungsweise Du kennst Dein Ziel schon, wei\u00dft aber nicht, wie Du es erreichen kannst? Dann bist Du hier genau richtig!<\/p>\n\n\n\n<p class=\"has-black-color has-text-color\" style=\"font-size:18px\">Von <mark style=\"background-color:rgba(0, 0, 0, 0)\" class=\"has-inline-color has-luminous-vivid-amber-color\">Gelb<\/mark> auf <mark style=\"background-color:rgba(0, 0, 0, 0)\" class=\"has-inline-color has-vivid-green-cyan-color\">Gr\u00fcn<\/mark> ist ein Bild daf\u00fcr, dass man manchmal durchstarten m\u00f6chte, aber irgendetwas hindert einen noch daran, auch wenn man es oft nicht so genau benennen kann. Wie vor einer Ampel: die rote Phase, in der man still steht, ist eigentlich schon \u00fcberwunden, aber etwas fehlt noch zum Durchstarten. Coaching unterst\u00fctzt Dich, von gelb auf gr\u00fcn zu kommen und los zu fahren! <\/p>\n\n\n\n<p><\/p>\n\n\n\n<div class=\"wp-container-1 wp-block-group\"><div class=\"wp-block-group__inner-container\"><\/div><\/div>\n\n\n\n<p style=\"font-size:18px\"><\/p>\n\n\n\n<p><\/p>\n","protected":false},"excerpt":{"rendered":"<p>Du bist hier gelandet, weil Du in einem Bereich Deines Lebens etwas ver\u00e4ndern m\u00f6chtest? Oder Du stehst vor einer Entscheidung, die Dir schwerf\u00e4llt? Vielleicht bist auf der Suche nach einem Ziel f\u00fcr Dein Leben? Beziehungsweise Du kennst Dein Ziel schon, wei\u00dft aber nicht, wie Du es erreichen kannst? Dann bist Du hier genau richtig! Von &hellip; <\/p>\n<p class=\"link-more\"><a href=\"http:\/\/evoeller.de\/\" class=\"more-link\"><span class=\"screen-reader-text\">\u201eWillkommen\u201c<\/span> weiterlesen<\/a><\/p>\n","protected":false},"author":1,"featured_media":0,"parent":0,"menu_order":0,"comment_status":"closed","ping_status":"closed","template":"","meta":[],"_links":{"self":[{"href":"http:\/\/evoeller.de\/index.php?rest_route=\/wp\/v2\/pages\/28"}],"collection":[{"href":"http:\/\/evoeller.de\/index.php?rest_route=\/wp\/v2\/pages"}],"about":[{"href":"http:\/\/evoeller.de\/index.php?rest_route=\/wp\/v2\/types\/page"}],"author":[{"embeddable":true,"href":"http:\/\/evoeller.de\/index.php?rest_route=\/wp\/v2\/users\/1"}],"replies":[{"embeddable":true,"href":"http:\/\/evoeller.de\/index.php?rest_route=%2Fwp%2Fv2%2Fcomments&post=28"}],"version-history":[{"count":12,"href":"http:\/\/evoeller.de\/index.php?rest_route=\/wp\/v2\/pages\/28\/revisions"}],"predecessor-version":[{"id":180,"href":"http:\/\/evoeller.de\/index.php?rest_route=\/wp\/v2\/pages\/28\/revisions\/180"}],"wp:attachment":[{"href":"http:\/\/evoeller.de\/index.php?rest_route=%2Fwp%2Fv2%2Fmedia&parent=28"}],"curies":[{"name":"wp","href":"https:\/\/api.w.org\/{rel}","templated":true}]}}